{"id":195,"date":"2024-05-16T11:50:20","date_gmt":"2024-05-16T11:50:20","guid":{"rendered":"https:\/\/beresdental.hu\/?page_id=195"},"modified":"2024-07-01T09:43:11","modified_gmt":"2024-07-01T09:43:11","slug":"elotte-utana","status":"publish","type":"page","link":"https:\/\/beresdental.hu\/en\/elotte-utana\/","title":{"rendered":"Before-after"},"content":{"rendered":"<div data-elementor-type=\"wp-page\" data-elementor-id=\"195\" class=\"elementor elementor-195\" data-elementor-post-type=\"page\">\n\t\t\t\t\t\t<section class=\"elementor-section elementor-top-section elementor-element elementor-element-73ca0cb1 elementor-section-height-min-height elementor-section-content-middle elementor-section-boxed elementor-section-height-default elementor-section-items-middle\" data-id=\"73ca0cb1\" data-element_type=\"section\" data-e-type=\"section\" data-settings=\"{&quot;background_background&quot;:&quot;classic&quot;}\">\n\t\t\t\t\t\t\t<div class=\"elementor-background-overlay\"><\/div>\n\t\t\t\t\t\t\t<div class=\"elementor-container elementor-column-gap-no\">\n\t\t\t\t\t<div class=\"elementor-column elementor-col-50 elementor-top-column elementor-element elementor-element-212a362c\" data-id=\"212a362c\" data-element_type=\"column\" data-e-type=\"column\">\n\t\t\t<div class=\"elementor-widget-wrap elementor-element-populated\">\n\t\t\t\t\t\t<div class=\"elementor-element elementor-element-e2e389a elementor-widget elementor-widget-heading\" data-id=\"e2e389a\" data-element_type=\"widget\" data-e-type=\"widget\" data-widget_type=\"heading.default\">\n\t\t\t\t<div class=\"elementor-widget-container\">\n\t\t\t\t\t<p class=\"elementor-heading-title elementor-size-default\">N\u00e9zze meg munk\u00e1inkat!<\/p>\t\t\t\t<\/div>\n\t\t\t\t<\/div>\n\t\t\t\t<div class=\"elementor-element elementor-element-4b214295 elementor-widget elementor-widget-heading\" data-id=\"4b214295\" data-element_type=\"widget\" data-e-type=\"widget\" data-widget_type=\"heading.default\">\n\t\t\t\t<div class=\"elementor-widget-container\">\n\t\t\t\t\t<h1 class=\"elementor-heading-title elementor-size-default\">Before-after<\/h1>\t\t\t\t<\/div>\n\t\t\t\t<\/div>\n\t\t\t\t\t<\/div>\n\t\t<\/div>\n\t\t\t\t<div class=\"elementor-column elementor-col-50 elementor-top-column elementor-element elementor-element-394ba87e\" data-id=\"394ba87e\" data-element_type=\"column\" data-e-type=\"column\">\n\t\t\t<div class=\"elementor-widget-wrap\">\n\t\t\t\t\t\t\t<\/div>\n\t\t<\/div>\n\t\t\t\t\t<\/div>\n\t\t<\/section>\n\t\t\t\t<section class=\"elementor-section elementor-top-section elementor-element elementor-element-7b358593 elementor-section-boxed elementor-section-height-default elementor-section-height-default\" data-id=\"7b358593\" data-element_type=\"section\" data-e-type=\"section\" data-settings=\"{&quot;background_background&quot;:&quot;classic&quot;}\">\n\t\t\t\t\t\t<div class=\"elementor-container elementor-column-gap-default\">\n\t\t\t\t\t<div class=\"elementor-column elementor-col-100 elementor-top-column elementor-element elementor-element-46608871\" data-id=\"46608871\" data-element_type=\"column\" data-e-type=\"column\">\n\t\t\t<div class=\"elementor-widget-wrap elementor-element-populated\">\n\t\t\t\t\t\t<div class=\"elementor-element elementor-element-9901821 elementor-widget elementor-widget-tp-before-after\" data-id=\"9901821\" data-element_type=\"widget\" data-e-type=\"widget\" data-widget_type=\"tp-before-after.default\">\n\t\t\t\t<div class=\"elementor-widget-container\">\n\t\t\t\t\t<div class=\"pt_plus_before_after bf_af69f3fd2b9ede7 text-left\"  data-id=\"bf_af69f3fd2b9ede7\"  data-type=\"horizontal\"  data-click_hover_move=\"on\"  data-separate_width=\"3\"  data-separate_position=\"\"  data-separator_style=\"middle\"  data-show=\"1\"  data-responsive=\"yes\"  data-full_width=\"no\"  data-width=\"0\"  data-max-width=\"0\"  data-separate_switch=\"false\"  data-separate_image=\"1\"   ><div class=\"before-after-inner\">\n\t\t\t\t\t<div class=\"before-after-image image-before\">\n\t\t\t\t\t\t\n\t\t\t\t\t\t\n\t\t\t\t\t<\/div>\n\t\t\t\t\t<div class=\"before-after-image image-after\">\n\t\t\t\t\t\t\n\t\t\t\t\t\t\n\t\t\t\t\t<\/div>\n\t\t\t\t\t\n\t\t\t\t\t\n\t\t\t\t<\/div>\n\t\t\t\t<\/div>\t\t\t\t<\/div>\n\t\t\t\t<\/div>\n\t\t\t\t<section class=\"elementor-section elementor-inner-section elementor-element elementor-element-5bdc100 elementor-section-boxed elementor-section-height-default elementor-section-height-default\" data-id=\"5bdc100\" data-element_type=\"section\" data-e-type=\"section\">\n\t\t\t\t\t\t<div class=\"elementor-container elementor-column-gap-default\">\n\t\t\t\t\t<div class=\"elementor-column elementor-col-100 elementor-inner-column elementor-element elementor-element-1c7e14a2\" data-id=\"1c7e14a2\" data-element_type=\"column\" data-e-type=\"column\">\n\t\t\t<div class=\"elementor-widget-wrap elementor-element-populated\">\n\t\t\t\t\t\t<div class=\"elementor-element elementor-element-9bcaf15 elementor-widget__width-initial elementor-widget elementor-widget-tp-before-after\" data-id=\"9bcaf15\" data-element_type=\"widget\" data-e-type=\"widget\" data-widget_type=\"tp-before-after.default\">\n\t\t\t\t<div class=\"elementor-widget-container\">\n\t\t\t\t\t<div class=\"pt_plus_before_after bf_af69f3fd2ba0012 text-center\"  data-id=\"bf_af69f3fd2ba0012\"  data-type=\"horizontal\"  data-click_hover_move=\"on\"  data-separate_width=\"7\"  data-separate_position=\"50\"  data-separator_style=\"middle\"  data-show=\"1\"  data-responsive=\"yes\"  data-full_width=\"yes\"  data-width=\"0\"  data-max-width=\"0\"  data-separate_switch=\"true\"  data-separate_image=\"1\"   ><div class=\"before-after-inner\">\n\t\t\t\t\t<div class=\"before-after-image image-before\">\n\t\t\t\t\t\t<img fetchpriority=\"high\" decoding=\"async\" width=\"1000\" height=\"700\" src=\"https:\/\/beresdental.hu\/wp-content\/uploads\/2024\/07\/1.png\" class=\"image-before-wrap\" alt=\"\" srcset=\"https:\/\/beresdental.hu\/wp-content\/uploads\/2024\/07\/1.png 1000w, https:\/\/beresdental.hu\/wp-content\/uploads\/2024\/07\/1-300x210.png 300w, https:\/\/beresdental.hu\/wp-content\/uploads\/2024\/07\/1-768x538.png 768w, https:\/\/beresdental.hu\/wp-content\/uploads\/2024\/07\/1-18x12.png 18w\" sizes=\"(max-width: 1000px) 100vw, 1000px\" \/>\n\t\t\t\t\t\t\n\t\t\t\t\t<\/div>\n\t\t\t\t\t<div class=\"before-after-image image-after\">\n\t\t\t\t\t\t<img decoding=\"async\" width=\"1000\" height=\"700\" src=\"https:\/\/beresdental.hu\/wp-content\/uploads\/2024\/07\/2.png\" class=\"image-after-wrap\" alt=\"\" srcset=\"https:\/\/beresdental.hu\/wp-content\/uploads\/2024\/07\/2.png 1000w, https:\/\/beresdental.hu\/wp-content\/uploads\/2024\/07\/2-300x210.png 300w, https:\/\/beresdental.hu\/wp-content\/uploads\/2024\/07\/2-768x538.png 768w, https:\/\/beresdental.hu\/wp-content\/uploads\/2024\/07\/2-18x12.png 18w\" sizes=\"(max-width: 1000px) 100vw, 1000px\" \/>\n\t\t\t\t\t\t\n\t\t\t\t\t<\/div>\n\t\t\t\t\t<div class=\"before-after-sep\"  style=\"background: #FFFFFF;\"><\/div>\n\t\t\t\t\t\n\t\t\t\t<\/div>\n\t\t\t\t<\/div>\t\t\t\t<\/div>\n\t\t\t\t<\/div>\n\t\t\t\t<div class=\"elementor-element elementor-element-d7bbfa6 elementor-widget__width-initial elementor-widget elementor-widget-tp-before-after\" data-id=\"d7bbfa6\" data-element_type=\"widget\" data-e-type=\"widget\" data-widget_type=\"tp-before-after.default\">\n\t\t\t\t<div class=\"elementor-widget-container\">\n\t\t\t\t\t<div class=\"pt_plus_before_after bf_af69f3fd2ba2f51 text-center\"  data-id=\"bf_af69f3fd2ba2f51\"  data-type=\"horizontal\"  data-click_hover_move=\"on\"  data-separate_width=\"7\"  data-separate_position=\"50\"  data-separator_style=\"middle\"  data-show=\"1\"  data-responsive=\"yes\"  data-full_width=\"yes\"  data-width=\"0\"  data-max-width=\"0\"  data-separate_switch=\"true\"  data-separate_image=\"1\"   ><div class=\"before-after-inner\">\n\t\t\t\t\t<div class=\"before-after-image image-before\">\n\t\t\t\t\t\t<img decoding=\"async\" width=\"1000\" height=\"700\" src=\"https:\/\/beresdental.hu\/wp-content\/uploads\/2024\/07\/1-1.png\" class=\"image-before-wrap\" alt=\"\" srcset=\"https:\/\/beresdental.hu\/wp-content\/uploads\/2024\/07\/1-1.png 1000w, https:\/\/beresdental.hu\/wp-content\/uploads\/2024\/07\/1-1-300x210.png 300w, https:\/\/beresdental.hu\/wp-content\/uploads\/2024\/07\/1-1-768x538.png 768w, https:\/\/beresdental.hu\/wp-content\/uploads\/2024\/07\/1-1-18x12.png 18w\" sizes=\"(max-width: 1000px) 100vw, 1000px\" \/>\n\t\t\t\t\t\t\n\t\t\t\t\t<\/div>\n\t\t\t\t\t<div class=\"before-after-image image-after\">\n\t\t\t\t\t\t<img loading=\"lazy\" decoding=\"async\" width=\"1000\" height=\"700\" src=\"https:\/\/beresdental.hu\/wp-content\/uploads\/2024\/07\/2-1.png\" class=\"image-after-wrap\" alt=\"\" srcset=\"https:\/\/beresdental.hu\/wp-content\/uploads\/2024\/07\/2-1.png 1000w, https:\/\/beresdental.hu\/wp-content\/uploads\/2024\/07\/2-1-300x210.png 300w, https:\/\/beresdental.hu\/wp-content\/uploads\/2024\/07\/2-1-768x538.png 768w, https:\/\/beresdental.hu\/wp-content\/uploads\/2024\/07\/2-1-18x12.png 18w\" sizes=\"(max-width: 1000px) 100vw, 1000px\" \/>\n\t\t\t\t\t\t\n\t\t\t\t\t<\/div>\n\t\t\t\t\t<div class=\"before-after-sep\"  style=\"background: #FFFFFF;\"><\/div>\n\t\t\t\t\t\n\t\t\t\t<\/div>\n\t\t\t\t<\/div>\t\t\t\t<\/div>\n\t\t\t\t<\/div>\n\t\t\t\t<div class=\"elementor-element elementor-element-f1521f7 elementor-widget__width-initial elementor-widget elementor-widget-tp-before-after\" data-id=\"f1521f7\" data-element_type=\"widget\" data-e-type=\"widget\" data-widget_type=\"tp-before-after.default\">\n\t\t\t\t<div class=\"elementor-widget-container\">\n\t\t\t\t\t<div class=\"pt_plus_before_after bf_af69f3fd2ba52ca text-center\"  data-id=\"bf_af69f3fd2ba52ca\"  data-type=\"horizontal\"  data-click_hover_move=\"on\"  data-separate_width=\"7\"  data-separate_position=\"50\"  data-separator_style=\"middle\"  data-show=\"1\"  data-responsive=\"yes\"  data-full_width=\"yes\"  data-width=\"0\"  data-max-width=\"0\"  data-separate_switch=\"true\"  data-separate_image=\"1\"   ><div class=\"before-after-inner\">\n\t\t\t\t\t<div class=\"before-after-image image-before\">\n\t\t\t\t\t\t<img loading=\"lazy\" decoding=\"async\" width=\"1000\" height=\"700\" src=\"https:\/\/beresdental.hu\/wp-content\/uploads\/2024\/07\/1-2.png\" class=\"image-before-wrap\" alt=\"\" srcset=\"https:\/\/beresdental.hu\/wp-content\/uploads\/2024\/07\/1-2.png 1000w, https:\/\/beresdental.hu\/wp-content\/uploads\/2024\/07\/1-2-300x210.png 300w, https:\/\/beresdental.hu\/wp-content\/uploads\/2024\/07\/1-2-768x538.png 768w, https:\/\/beresdental.hu\/wp-content\/uploads\/2024\/07\/1-2-18x12.png 18w\" sizes=\"(max-width: 1000px) 100vw, 1000px\" \/>\n\t\t\t\t\t\t\n\t\t\t\t\t<\/div>\n\t\t\t\t\t<div class=\"before-after-image image-after\">\n\t\t\t\t\t\t<img loading=\"lazy\" decoding=\"async\" width=\"1000\" height=\"700\" src=\"https:\/\/beresdental.hu\/wp-content\/uploads\/2024\/07\/2-2.png\" class=\"image-after-wrap\" alt=\"\" srcset=\"https:\/\/beresdental.hu\/wp-content\/uploads\/2024\/07\/2-2.png 1000w, https:\/\/beresdental.hu\/wp-content\/uploads\/2024\/07\/2-2-300x210.png 300w, https:\/\/beresdental.hu\/wp-content\/uploads\/2024\/07\/2-2-768x538.png 768w, https:\/\/beresdental.hu\/wp-content\/uploads\/2024\/07\/2-2-18x12.png 18w\" sizes=\"(max-width: 1000px) 100vw, 1000px\" \/>\n\t\t\t\t\t\t\n\t\t\t\t\t<\/div>\n\t\t\t\t\t<div class=\"before-after-sep\"  style=\"background: #FFFFFF;\"><\/div>\n\t\t\t\t\t\n\t\t\t\t<\/div>\n\t\t\t\t<\/div>\t\t\t\t<\/div>\n\t\t\t\t<\/div>\n\t\t\t\t<div class=\"elementor-element elementor-element-c06118d elementor-widget__width-initial elementor-widget elementor-widget-tp-before-after\" data-id=\"c06118d\" data-element_type=\"widget\" data-e-type=\"widget\" data-widget_type=\"tp-before-after.default\">\n\t\t\t\t<div class=\"elementor-widget-container\">\n\t\t\t\t\t<div class=\"pt_plus_before_after bf_af69f3fd2ba7e39 text-center\"  data-id=\"bf_af69f3fd2ba7e39\"  data-type=\"horizontal\"  data-click_hover_move=\"on\"  data-separate_width=\"7\"  data-separate_position=\"50\"  data-separator_style=\"middle\"  data-show=\"1\"  data-responsive=\"yes\"  data-full_width=\"yes\"  data-width=\"0\"  data-max-width=\"0\"  data-separate_switch=\"true\"  data-separate_image=\"1\"   ><div class=\"before-after-inner\">\n\t\t\t\t\t<div class=\"before-after-image image-before\">\n\t\t\t\t\t\t<img loading=\"lazy\" decoding=\"async\" width=\"1000\" height=\"700\" src=\"https:\/\/beresdental.hu\/wp-content\/uploads\/2024\/07\/1-3.png\" class=\"image-before-wrap\" alt=\"\" srcset=\"https:\/\/beresdental.hu\/wp-content\/uploads\/2024\/07\/1-3.png 1000w, https:\/\/beresdental.hu\/wp-content\/uploads\/2024\/07\/1-3-300x210.png 300w, https:\/\/beresdental.hu\/wp-content\/uploads\/2024\/07\/1-3-768x538.png 768w, https:\/\/beresdental.hu\/wp-content\/uploads\/2024\/07\/1-3-18x12.png 18w\" sizes=\"(max-width: 1000px) 100vw, 1000px\" \/>\n\t\t\t\t\t\t\n\t\t\t\t\t<\/div>\n\t\t\t\t\t<div class=\"before-after-image image-after\">\n\t\t\t\t\t\t<img loading=\"lazy\" decoding=\"async\" width=\"1000\" height=\"700\" src=\"https:\/\/beresdental.hu\/wp-content\/uploads\/2024\/07\/2-3.png\" class=\"image-after-wrap\" alt=\"\" srcset=\"https:\/\/beresdental.hu\/wp-content\/uploads\/2024\/07\/2-3.png 1000w, https:\/\/beresdental.hu\/wp-content\/uploads\/2024\/07\/2-3-300x210.png 300w, https:\/\/beresdental.hu\/wp-content\/uploads\/2024\/07\/2-3-768x538.png 768w, https:\/\/beresdental.hu\/wp-content\/uploads\/2024\/07\/2-3-18x12.png 18w\" sizes=\"(max-width: 1000px) 100vw, 1000px\" \/>\n\t\t\t\t\t\t\n\t\t\t\t\t<\/div>\n\t\t\t\t\t<div class=\"before-after-sep\"  style=\"background: #FFFFFF;\"><\/div>\n\t\t\t\t\t\n\t\t\t\t<\/div>\n\t\t\t\t<\/div>\t\t\t\t<\/div>\n\t\t\t\t<\/div>\n\t\t\t\t<div class=\"elementor-element elementor-element-c651306 elementor-widget__width-initial elementor-widget elementor-widget-tp-before-after\" data-id=\"c651306\" data-element_type=\"widget\" data-e-type=\"widget\" data-widget_type=\"tp-before-after.default\">\n\t\t\t\t<div class=\"elementor-widget-container\">\n\t\t\t\t\t<div class=\"pt_plus_before_after bf_af69f3fd2ba9b47 text-center\"  data-id=\"bf_af69f3fd2ba9b47\"  data-type=\"horizontal\"  data-click_hover_move=\"on\"  data-separate_width=\"7\"  data-separate_position=\"50\"  data-separator_style=\"middle\"  data-show=\"1\"  data-responsive=\"yes\"  data-full_width=\"yes\"  data-width=\"0\"  data-max-width=\"0\"  data-separate_switch=\"true\"  data-separate_image=\"1\"   ><div class=\"before-after-inner\">\n\t\t\t\t\t<div class=\"before-after-image image-before\">\n\t\t\t\t\t\t<img loading=\"lazy\" decoding=\"async\" width=\"1000\" height=\"700\" src=\"https:\/\/beresdental.hu\/wp-content\/uploads\/2024\/07\/1-4.png\" class=\"image-before-wrap\" alt=\"\" srcset=\"https:\/\/beresdental.hu\/wp-content\/uploads\/2024\/07\/1-4.png 1000w, https:\/\/beresdental.hu\/wp-content\/uploads\/2024\/07\/1-4-300x210.png 300w, https:\/\/beresdental.hu\/wp-content\/uploads\/2024\/07\/1-4-768x538.png 768w, https:\/\/beresdental.hu\/wp-content\/uploads\/2024\/07\/1-4-18x12.png 18w\" sizes=\"(max-width: 1000px) 100vw, 1000px\" \/>\n\t\t\t\t\t\t\n\t\t\t\t\t<\/div>\n\t\t\t\t\t<div class=\"before-after-image image-after\">\n\t\t\t\t\t\t<img loading=\"lazy\" decoding=\"async\" width=\"1000\" height=\"700\" src=\"https:\/\/beresdental.hu\/wp-content\/uploads\/2024\/07\/2-4.png\" class=\"image-after-wrap\" alt=\"\" srcset=\"https:\/\/beresdental.hu\/wp-content\/uploads\/2024\/07\/2-4.png 1000w, https:\/\/beresdental.hu\/wp-content\/uploads\/2024\/07\/2-4-300x210.png 300w, https:\/\/beresdental.hu\/wp-content\/uploads\/2024\/07\/2-4-768x538.png 768w, https:\/\/beresdental.hu\/wp-content\/uploads\/2024\/07\/2-4-18x12.png 18w\" sizes=\"(max-width: 1000px) 100vw, 1000px\" \/>\n\t\t\t\t\t\t\n\t\t\t\t\t<\/div>\n\t\t\t\t\t<div class=\"before-after-sep\"  style=\"background: #FFFFFF;\"><\/div>\n\t\t\t\t\t\n\t\t\t\t<\/div>\n\t\t\t\t<\/div>\t\t\t\t<\/div>\n\t\t\t\t<\/div>\n\t\t\t\t<div class=\"elementor-element elementor-element-82d4991 elementor-widget__width-initial elementor-widget elementor-widget-tp-before-after\" data-id=\"82d4991\" data-element_type=\"widget\" data-e-type=\"widget\" data-widget_type=\"tp-before-after.default\">\n\t\t\t\t<div class=\"elementor-widget-container\">\n\t\t\t\t\t<div class=\"pt_plus_before_after bf_af69f3fd2baf7c0 text-center\"  data-id=\"bf_af69f3fd2baf7c0\"  data-type=\"horizontal\"  data-click_hover_move=\"on\"  data-separate_width=\"7\"  data-separate_position=\"50\"  data-separator_style=\"middle\"  data-show=\"1\"  data-responsive=\"yes\"  data-full_width=\"yes\"  data-width=\"0\"  data-max-width=\"0\"  data-separate_switch=\"true\"  data-separate_image=\"1\"   ><div class=\"before-after-inner\">\n\t\t\t\t\t<div class=\"before-after-image image-before\">\n\t\t\t\t\t\t<img loading=\"lazy\" decoding=\"async\" width=\"1000\" height=\"700\" src=\"https:\/\/beresdental.hu\/wp-content\/uploads\/2024\/07\/1-5.png\" class=\"image-before-wrap\" alt=\"\" srcset=\"https:\/\/beresdental.hu\/wp-content\/uploads\/2024\/07\/1-5.png 1000w, https:\/\/beresdental.hu\/wp-content\/uploads\/2024\/07\/1-5-300x210.png 300w, https:\/\/beresdental.hu\/wp-content\/uploads\/2024\/07\/1-5-768x538.png 768w, https:\/\/beresdental.hu\/wp-content\/uploads\/2024\/07\/1-5-18x12.png 18w\" sizes=\"(max-width: 1000px) 100vw, 1000px\" \/>\n\t\t\t\t\t\t\n\t\t\t\t\t<\/div>\n\t\t\t\t\t<div class=\"before-after-image image-after\">\n\t\t\t\t\t\t<img loading=\"lazy\" decoding=\"async\" width=\"1000\" height=\"700\" src=\"https:\/\/beresdental.hu\/wp-content\/uploads\/2024\/07\/2-5.png\" class=\"image-after-wrap\" alt=\"\" srcset=\"https:\/\/beresdental.hu\/wp-content\/uploads\/2024\/07\/2-5.png 1000w, https:\/\/beresdental.hu\/wp-content\/uploads\/2024\/07\/2-5-300x210.png 300w, https:\/\/beresdental.hu\/wp-content\/uploads\/2024\/07\/2-5-768x538.png 768w, https:\/\/beresdental.hu\/wp-content\/uploads\/2024\/07\/2-5-18x12.png 18w\" sizes=\"(max-width: 1000px) 100vw, 1000px\" \/>\n\t\t\t\t\t\t\n\t\t\t\t\t<\/div>\n\t\t\t\t\t<div class=\"before-after-sep\"  style=\"background: #FFFFFF;\"><\/div>\n\t\t\t\t\t\n\t\t\t\t<\/div>\n\t\t\t\t<\/div>\t\t\t\t<\/div>\n\t\t\t\t<\/div>\n\t\t\t\t<div class=\"elementor-element elementor-element-c21e602 elementor-widget__width-initial elementor-widget elementor-widget-tp-before-after\" data-id=\"c21e602\" data-element_type=\"widget\" data-e-type=\"widget\" data-widget_type=\"tp-before-after.default\">\n\t\t\t\t<div class=\"elementor-widget-container\">\n\t\t\t\t\t<div class=\"pt_plus_before_after bf_af69f3fd2bb1da4 text-center\"  data-id=\"bf_af69f3fd2bb1da4\"  data-type=\"horizontal\"  data-click_hover_move=\"on\"  data-separate_width=\"7\"  data-separate_position=\"50\"  data-separator_style=\"middle\"  data-show=\"1\"  data-responsive=\"yes\"  data-full_width=\"yes\"  data-width=\"0\"  data-max-width=\"0\"  data-separate_switch=\"true\"  data-separate_image=\"1\"   ><div class=\"before-after-inner\">\n\t\t\t\t\t<div class=\"before-after-image image-before\">\n\t\t\t\t\t\t<img loading=\"lazy\" decoding=\"async\" width=\"1000\" height=\"700\" src=\"https:\/\/beresdental.hu\/wp-content\/uploads\/2024\/07\/1-6.png\" class=\"image-before-wrap\" alt=\"\" srcset=\"https:\/\/beresdental.hu\/wp-content\/uploads\/2024\/07\/1-6.png 1000w, https:\/\/beresdental.hu\/wp-content\/uploads\/2024\/07\/1-6-300x210.png 300w, https:\/\/beresdental.hu\/wp-content\/uploads\/2024\/07\/1-6-768x538.png 768w, https:\/\/beresdental.hu\/wp-content\/uploads\/2024\/07\/1-6-18x12.png 18w\" sizes=\"(max-width: 1000px) 100vw, 1000px\" \/>\n\t\t\t\t\t\t\n\t\t\t\t\t<\/div>\n\t\t\t\t\t<div class=\"before-after-image image-after\">\n\t\t\t\t\t\t<img loading=\"lazy\" decoding=\"async\" width=\"1000\" height=\"700\" src=\"https:\/\/beresdental.hu\/wp-content\/uploads\/2024\/07\/2-6.png\" class=\"image-after-wrap\" alt=\"\" srcset=\"https:\/\/beresdental.hu\/wp-content\/uploads\/2024\/07\/2-6.png 1000w, https:\/\/beresdental.hu\/wp-content\/uploads\/2024\/07\/2-6-300x210.png 300w, https:\/\/beresdental.hu\/wp-content\/uploads\/2024\/07\/2-6-768x538.png 768w, https:\/\/beresdental.hu\/wp-content\/uploads\/2024\/07\/2-6-18x12.png 18w\" sizes=\"(max-width: 1000px) 100vw, 1000px\" \/>\n\t\t\t\t\t\t\n\t\t\t\t\t<\/div>\n\t\t\t\t\t<div class=\"before-after-sep\"  style=\"background: #FFFFFF;\"><\/div>\n\t\t\t\t\t\n\t\t\t\t<\/div>\n\t\t\t\t<\/div>\t\t\t\t<\/div>\n\t\t\t\t<\/div>\n\t\t\t\t<div class=\"elementor-element elementor-element-9e81bdc elementor-widget__width-initial elementor-widget elementor-widget-tp-before-after\" data-id=\"9e81bdc\" data-element_type=\"widget\" data-e-type=\"widget\" data-widget_type=\"tp-before-after.default\">\n\t\t\t\t<div class=\"elementor-widget-container\">\n\t\t\t\t\t<div class=\"pt_plus_before_after bf_af69f3fd2bb2c9b text-center\"  data-id=\"bf_af69f3fd2bb2c9b\"  data-type=\"horizontal\"  data-click_hover_move=\"on\"  data-separate_width=\"7\"  data-separate_position=\"50\"  data-separator_style=\"middle\"  data-show=\"1\"  data-responsive=\"yes\"  data-full_width=\"yes\"  data-width=\"0\"  data-max-width=\"0\"  data-separate_switch=\"true\"  data-separate_image=\"1\"   ><div class=\"before-after-inner\">\n\t\t\t\t\t<div class=\"before-after-image image-before\">\n\t\t\t\t\t\t<img loading=\"lazy\" decoding=\"async\" width=\"1000\" height=\"700\" src=\"https:\/\/beresdental.hu\/wp-content\/uploads\/2024\/07\/1-7.png\" class=\"image-before-wrap\" alt=\"\" srcset=\"https:\/\/beresdental.hu\/wp-content\/uploads\/2024\/07\/1-7.png 1000w, https:\/\/beresdental.hu\/wp-content\/uploads\/2024\/07\/1-7-300x210.png 300w, https:\/\/beresdental.hu\/wp-content\/uploads\/2024\/07\/1-7-768x538.png 768w, https:\/\/beresdental.hu\/wp-content\/uploads\/2024\/07\/1-7-18x12.png 18w\" sizes=\"(max-width: 1000px) 100vw, 1000px\" \/>\n\t\t\t\t\t\t\n\t\t\t\t\t<\/div>\n\t\t\t\t\t<div class=\"before-after-image image-after\">\n\t\t\t\t\t\t<img loading=\"lazy\" decoding=\"async\" width=\"1000\" height=\"700\" src=\"https:\/\/beresdental.hu\/wp-content\/uploads\/2024\/07\/2-7.png\" class=\"image-after-wrap\" alt=\"\" srcset=\"https:\/\/beresdental.hu\/wp-content\/uploads\/2024\/07\/2-7.png 1000w, https:\/\/beresdental.hu\/wp-content\/uploads\/2024\/07\/2-7-300x210.png 300w, https:\/\/beresdental.hu\/wp-content\/uploads\/2024\/07\/2-7-768x538.png 768w, https:\/\/beresdental.hu\/wp-content\/uploads\/2024\/07\/2-7-18x12.png 18w\" sizes=\"(max-width: 1000px) 100vw, 1000px\" \/>\n\t\t\t\t\t\t\n\t\t\t\t\t<\/div>\n\t\t\t\t\t<div class=\"before-after-sep\"  style=\"background: #FFFFFF;\"><\/div>\n\t\t\t\t\t\n\t\t\t\t<\/div>\n\t\t\t\t<\/div>\t\t\t\t<\/div>\n\t\t\t\t<\/div>\n\t\t\t\t\t<\/div>\n\t\t<\/div>\n\t\t\t\t\t<\/div>\n\t\t<\/section>\n\t\t\t\t\t<\/div>\n\t\t<\/div>\n\t\t\t\t\t<\/div>\n\t\t<\/section>\n\t\t\t\t<\/div>","protected":false},"excerpt":{"rendered":"<p>N\u00e9zze meg munk\u00e1inkat! El\u0151tte-ut\u00e1na<\/p>","protected":false},"author":1,"featured_media":0,"parent":0,"menu_order":0,"comment_status":"closed","ping_status":"closed","template":"","meta":{"footnotes":""},"class_list":["post-195","page","type-page","status-publish","hentry"],"_links":{"self":[{"href":"https:\/\/beresdental.hu\/en\/wp-json\/wp\/v2\/pages\/195","targetHints":{"allow":["GET"]}}],"collection":[{"href":"https:\/\/beresdental.hu\/en\/wp-json\/wp\/v2\/pages"}],"about":[{"href":"https:\/\/beresdental.hu\/en\/wp-json\/wp\/v2\/types\/page"}],"author":[{"embeddable":true,"href":"https:\/\/beresdental.hu\/en\/wp-json\/wp\/v2\/users\/1"}],"replies":[{"embeddable":true,"href":"https:\/\/beresdental.hu\/en\/wp-json\/wp\/v2\/comments?post=195"}],"version-history":[{"count":25,"href":"https:\/\/beresdental.hu\/en\/wp-json\/wp\/v2\/pages\/195\/revisions"}],"predecessor-version":[{"id":303,"href":"https:\/\/beresdental.hu\/en\/wp-json\/wp\/v2\/pages\/195\/revisions\/303"}],"wp:attachment":[{"href":"https:\/\/beresdental.hu\/en\/wp-json\/wp\/v2\/media?parent=195"}],"curies":[{"name":"wp","href":"https:\/\/api.w.org\/{rel}","templated":true}]}}